{"id":2783,"date":"2024-02-03T09:59:15","date_gmt":"2024-02-03T09:59:15","guid":{"rendered":"https:\/\/reciclateydisfrutaconduciendo.com\/?page_id=2783"},"modified":"2024-02-17T17:33:26","modified_gmt":"2024-02-17T17:33:26","slug":"terminos-y-condiciones-de-uso","status":"publish","type":"page","link":"https:\/\/reciclateydisfrutaconduciendo.com\/en\/terminos-y-condiciones-de-uso\/","title":{"rendered":"Terms and Conditions of Use"},"content":{"rendered":"<h2 class=\"wp-block-heading\" id=\"h-terminos-y-condiciones-de-uso\"><strong>Terms and Conditions of Use<\/strong><\/h2>\n\n\n\n<h2 class=\"wp-block-heading\" id=\"h-informacion-relevante\"><strong>RELEVANT INFORMATION<\/strong><\/h2>\n\n\n\n<p>It is a necessary requirement for the purchase of the products offered on this site that you read and accept the following Terms and Conditions set out below. The use of our services as well as the purchase of our products will imply that you have read and accepted the Terms and Conditions of Use herein. All products that are offered by our website may be created, charged, shipped or presented by a third party website and in such case would be subject to their own Terms and Conditions. In some cases, in order to purchase a product, it will be necessary for the user to register by entering reliable personal data and defining a password.<\/p>\n\n\n\n<p>The user can choose and change the password for his account administration access at any time, in case he has registered and it is necessary for the purchase of any of our products. <a href=\"https:\/\/reciclateydisfrutaconduciendo.com\/en\/\">https:\/\/reciclateydisfrutaconduciendo.com\/<\/a> assumes no liability in the event that it passes on such a key to third parties.<\/p>\n\n\n\n<p>All purchases and transactions carried out through this website are subject to a confirmation and verification process, which may include verification of product stock and availability, validation of the payment method, validation of the invoice (if any) and compliance with the conditions required by the selected payment method. In some cases, email verification may be required.<\/p>\n\n\n\n<p>The prices of the products offered in this Online Shop are valid only for purchases made on this website.<\/p>\n\n\n\n<h2 class=\"wp-block-heading\" id=\"h-licencia\"><strong>LICENCE<\/strong><\/h2>\n\n\n\n<p>Rec\u00edclate and enjoy driving through its website grants a licence for users to use the products that are sold on this website in accordance with the Terms and Conditions described in this document.<\/p>\n\n\n\n<h2 class=\"wp-block-heading\" id=\"h-uso-no-autorizado\"><strong>UNAUTHORISED USE<\/strong><\/h2>\n\n\n\n<p>If applicable (for sale of software, templets, or other design and programming product) you may not place one of our products, modified or unmodified, on a CD, website or any other medium and offer them for redistribution or resale of any kind.<\/p>\n\n\n\n<h2 class=\"wp-block-heading\" id=\"h-propiedad\"><strong>PROPERTY<\/strong><\/h2>\n\n\n\n<p>You may not claim intellectual or exclusive ownership of any of our products, modified or unmodified. All products are the property of the content providers. Unless otherwise specified, our products are provided without warranty of any kind, express or implied. In no event shall this company be liable for any damages including, but not limited to, direct, indirect, special, incidental or consequential damages or other losses resulting from the use or inability to use our products.<\/p>\n\n\n\n<h2 class=\"wp-block-heading\" id=\"h-politica-de-reembolso-y-garantia\"><strong>REFUND POLICY AND GUARANTEE<\/strong><\/h2>\n\n\n\n<p>In the case of products that are irrevocable non-tangible goods, we do not give refunds after the product is shipped, you have the responsibility to understand before you buy it.  We ask you to read it carefully before you buy it. We only make exceptions to this rule when the description does not match the product. There are some products that may have a warranty and the possibility of a refund but this will be specified at the time of purchase. In such cases the warranty will only cover manufacturing faults and will only be effective when the product has been used correctly. The warranty does not cover faults or damage caused by misuse. The terms of the warranty are associated with manufacturing faults and operation under normal product conditions and these terms will only be effective if the equipment has been used correctly. This includes:<\/p>\n\n\n\n<p>- According to the technical specifications indicated for each product.<br>- Under ambient conditions according to the specifications indicated by the manufacturer.<br>- In specific use for its factory-designed function.<br>- In electrical operating condition according to the specifications and tolerances indicated.<\/p>\n\n\n\n<h2 class=\"wp-block-heading\" id=\"h-comprobacion-antifraude\"><strong>ANTI-FRAUD CHECK<\/strong><\/h2>\n\n\n\n<p>The customer's purchase may be postponed for anti-fraud checks. It may also be suspended for a longer period of time for further investigation to prevent fraudulent transactions.<\/p>\n\n\n\n<h2 class=\"wp-block-heading\" id=\"h-privacidad\"><strong>PRIVACY<\/strong><\/h2>\n\n\n\n<p>This https:\/\/reciclateydisfrutaconduciendo.com\/ ensures that the&nbsp;<a href=\"https:\/\/terminosycondicionesdeusoejemplo.com\/\" target=\"_blank\" rel=\"noreferrer noopener\"><\/a>personal information you submit is provided with the necessary security. The data entered by the user or in the case of validation of orders will not be disclosed to third parties, unless it must be disclosed in compliance with a court order or legal requirements.<\/p>\n\n\n\n<p>Subscription to email marketing newsletters is voluntary and may be selected at the time you create your account.<\/p>\n\n\n\n<p>Rec\u00edclate y disfruta conducir reserves the right to change or modify these terms without prior notice.<\/p>","protected":false},"excerpt":{"rendered":"<p>Terms and Conditions of Use RELEVANT INFORMATION It is a necessary requirement for the purchase of the products offered on this site that you read and accept the following Terms and Conditions set out below. The use of our services as well as the purchase of our products will imply that you have read and accepted [...].<\/p>","protected":false},"author":1,"featured_media":2798,"parent":0,"menu_order":0,"comment_status":"closed","ping_status":"closed","template":"","meta":{"footnotes":"","_glsr_average":0,"_glsr_ranking":0,"_glsr_reviews":0},"yoast_head":"<!-- This site is optimized with the Yoast SEO Premium plugin v22.0 (Yoast SEO v23.0) - https:\/\/yoast.com\/wordpress\/plugins\/seo\/ -->\n<title>T\u00e9rminos y Condiciones de Uso | Reciclate y Disfruta Conduciendo<\/title>\n<meta name=\"description\" content=\"Lee y acepta nuestros T\u00e9rminos y Condiciones de Uso y Pol\u00edtica de Privacidad para adquirir productos en l\u00ednea en Reciclate y Disfruta Conduciendo.\" \/>\n<meta name=\"robots\" content=\"index, follow, max-snippet:-1, max-image-preview:large, max-video-preview:-1\" \/>\n<link rel=\"canonical\" href=\"https:\/\/reciclateydisfrutaconduciendo.com\/en\/terminos-y-condiciones-de-uso\/\" \/>\n<meta property=\"og:locale\" content=\"en_GB\" \/>\n<meta property=\"og:type\" content=\"article\" \/>\n<meta property=\"og:title\" content=\"T\u00e9rminos y Condiciones de Uso\" \/>\n<meta property=\"og:description\" content=\"Lee y acepta nuestros T\u00e9rminos y Condiciones de Uso y Pol\u00edtica de Privacidad para adquirir productos en l\u00ednea en Reciclate y Disfruta Conduciendo.\" \/>\n<meta property=\"og:url\" content=\"https:\/\/reciclateydisfrutaconduciendo.com\/en\/terminos-y-condiciones-de-uso\/\" \/>\n<meta property=\"og:site_name\" content=\"Rec\u00edclate y disfruta conduciendo\" \/>\n<meta property=\"article:modified_time\" content=\"2024-02-17T17:33:26+00:00\" \/>\n<meta property=\"og:image\" content=\"http:\/\/reciclateydisfrutaconduciendo.com\/wp-content\/uploads\/2024\/01\/logoempresa-2.gif\" \/>\n\t<meta property=\"og:image:width\" content=\"439\" \/>\n\t<meta property=\"og:image:height\" content=\"439\" \/>\n\t<meta property=\"og:image:type\" content=\"image\/gif\" \/>\n<meta name=\"twitter:card\" content=\"summary_large_image\" \/>\n<meta name=\"twitter:label1\" content=\"Estimated reading time\" \/>\n\t<meta name=\"twitter:data1\" content=\"4 minutes\" \/>\n<script type=\"application\/ld+json\" class=\"yoast-schema-graph\">{\"@context\":\"https:\/\/schema.org\",\"@graph\":[{\"@type\":\"WebPage\",\"@id\":\"https:\/\/reciclateydisfrutaconduciendo.com\/terminos-y-condiciones-de-uso\/\",\"url\":\"https:\/\/reciclateydisfrutaconduciendo.com\/terminos-y-condiciones-de-uso\/\",\"name\":\"T\u00e9rminos y Condiciones de Uso | Reciclate y Disfruta Conduciendo\",\"isPartOf\":{\"@id\":\"https:\/\/reciclateydisfrutaconduciendo.com\/#website\"},\"primaryImageOfPage\":{\"@id\":\"https:\/\/reciclateydisfrutaconduciendo.com\/terminos-y-condiciones-de-uso\/#primaryimage\"},\"image\":{\"@id\":\"https:\/\/reciclateydisfrutaconduciendo.com\/terminos-y-condiciones-de-uso\/#primaryimage\"},\"thumbnailUrl\":\"https:\/\/reciclateydisfrutaconduciendo.com\/wp-content\/uploads\/2024\/01\/logoempresa-2.gif\",\"datePublished\":\"2024-02-03T09:59:15+00:00\",\"dateModified\":\"2024-02-17T17:33:26+00:00\",\"description\":\"Lee y acepta nuestros T\u00e9rminos y Condiciones de Uso y Pol\u00edtica de Privacidad para adquirir productos en l\u00ednea en Reciclate y Disfruta Conduciendo.\",\"breadcrumb\":{\"@id\":\"https:\/\/reciclateydisfrutaconduciendo.com\/terminos-y-condiciones-de-uso\/#breadcrumb\"},\"inLanguage\":\"en-GB\",\"potentialAction\":[{\"@type\":\"ReadAction\",\"target\":[\"https:\/\/reciclateydisfrutaconduciendo.com\/terminos-y-condiciones-de-uso\/\"]}]},{\"@type\":\"ImageObject\",\"inLanguage\":\"en-GB\",\"@id\":\"https:\/\/reciclateydisfrutaconduciendo.com\/terminos-y-condiciones-de-uso\/#primaryimage\",\"url\":\"https:\/\/reciclateydisfrutaconduciendo.com\/wp-content\/uploads\/2024\/01\/logoempresa-2.gif\",\"contentUrl\":\"https:\/\/reciclateydisfrutaconduciendo.com\/wp-content\/uploads\/2024\/01\/logoempresa-2.gif\",\"width\":439,\"height\":439,\"caption\":\"Rec\u00edclate y disfruta conducuciendo-Rec\u00edclate y Disfruta Conduciendo-Rec\u00edclate y disfruta conducuciendo\"},{\"@type\":\"BreadcrumbList\",\"@id\":\"https:\/\/reciclateydisfrutaconduciendo.com\/terminos-y-condiciones-de-uso\/#breadcrumb\",\"itemListElement\":[{\"@type\":\"ListItem\",\"position\":1,\"name\":\"Home\",\"item\":\"https:\/\/reciclateydisfrutaconduciendo.com\/\"},{\"@type\":\"ListItem\",\"position\":2,\"name\":\"T\u00e9rminos y Condiciones de Uso\"}]},{\"@type\":\"WebSite\",\"@id\":\"https:\/\/reciclateydisfrutaconduciendo.com\/#website\",\"url\":\"https:\/\/reciclateydisfrutaconduciendo.com\/\",\"name\":\"Rec\u00edclate y disfruta conduciendo\",\"description\":\"Rec\u00edclate y disfruta conduciendo\",\"publisher\":{\"@id\":\"https:\/\/reciclateydisfrutaconduciendo.com\/#organization\"},\"potentialAction\":[{\"@type\":\"SearchAction\",\"target\":{\"@type\":\"EntryPoint\",\"urlTemplate\":\"https:\/\/reciclateydisfrutaconduciendo.com\/?s={search_term_string}\"},\"query-input\":\"required name=search_term_string\"}],\"inLanguage\":\"en-GB\"},{\"@type\":\"Organization\",\"@id\":\"https:\/\/reciclateydisfrutaconduciendo.com\/#organization\",\"name\":\"Rec\u00edclate y disfruta conduciendo\",\"url\":\"https:\/\/reciclateydisfrutaconduciendo.com\/\",\"logo\":{\"@type\":\"ImageObject\",\"inLanguage\":\"en-GB\",\"@id\":\"https:\/\/reciclateydisfrutaconduciendo.com\/#\/schema\/logo\/image\/\",\"url\":\"https:\/\/reciclateydisfrutaconduciendo.com\/wp-content\/uploads\/2024\/01\/logo-kike.gif\",\"contentUrl\":\"https:\/\/reciclateydisfrutaconduciendo.com\/wp-content\/uploads\/2024\/01\/logo-kike.gif\",\"width\":474,\"height\":474,\"caption\":\"Rec\u00edclate y disfruta conduciendo\"},\"image\":{\"@id\":\"https:\/\/reciclateydisfrutaconduciendo.com\/#\/schema\/logo\/image\/\"}}]}<\/script>\n<!-- \/ Yoast SEO Premium plugin. -->","yoast_head_json":{"title":"T\u00e9rminos y Condiciones de Uso | Reciclate y Disfruta Conduciendo","description":"Lee y acepta nuestros T\u00e9rminos y Condiciones de Uso y Pol\u00edtica de Privacidad para adquirir productos en l\u00ednea en Reciclate y Disfruta Conduciendo.","robots":{"index":"index","follow":"follow","max-snippet":"max-snippet:-1","max-image-preview":"max-image-preview:large","max-video-preview":"max-video-preview:-1"},"canonical":"https:\/\/reciclateydisfrutaconduciendo.com\/en\/terminos-y-condiciones-de-uso\/","og_locale":"en_GB","og_type":"article","og_title":"T\u00e9rminos y Condiciones de Uso","og_description":"Lee y acepta nuestros T\u00e9rminos y Condiciones de Uso y Pol\u00edtica de Privacidad para adquirir productos en l\u00ednea en Reciclate y Disfruta Conduciendo.","og_url":"https:\/\/reciclateydisfrutaconduciendo.com\/en\/terminos-y-condiciones-de-uso\/","og_site_name":"Rec\u00edclate y disfruta conduciendo","article_modified_time":"2024-02-17T17:33:26+00:00","og_image":[{"width":439,"height":439,"url":"http:\/\/reciclateydisfrutaconduciendo.com\/wp-content\/uploads\/2024\/01\/logoempresa-2.gif","type":"image\/gif"}],"twitter_card":"summary_large_image","twitter_misc":{"Estimated reading time":"4 minutes"},"schema":{"@context":"https:\/\/schema.org","@graph":[{"@type":"WebPage","@id":"https:\/\/reciclateydisfrutaconduciendo.com\/terminos-y-condiciones-de-uso\/","url":"https:\/\/reciclateydisfrutaconduciendo.com\/terminos-y-condiciones-de-uso\/","name":"T\u00e9rminos y Condiciones de Uso | Reciclate y Disfruta Conduciendo","isPartOf":{"@id":"https:\/\/reciclateydisfrutaconduciendo.com\/#website"},"primaryImageOfPage":{"@id":"https:\/\/reciclateydisfrutaconduciendo.com\/terminos-y-condiciones-de-uso\/#primaryimage"},"image":{"@id":"https:\/\/reciclateydisfrutaconduciendo.com\/terminos-y-condiciones-de-uso\/#primaryimage"},"thumbnailUrl":"https:\/\/reciclateydisfrutaconduciendo.com\/wp-content\/uploads\/2024\/01\/logoempresa-2.gif","datePublished":"2024-02-03T09:59:15+00:00","dateModified":"2024-02-17T17:33:26+00:00","description":"Lee y acepta nuestros T\u00e9rminos y Condiciones de Uso y Pol\u00edtica de Privacidad para adquirir productos en l\u00ednea en Reciclate y Disfruta Conduciendo.","breadcrumb":{"@id":"https:\/\/reciclateydisfrutaconduciendo.com\/terminos-y-condiciones-de-uso\/#breadcrumb"},"inLanguage":"en-GB","potentialAction":[{"@type":"ReadAction","target":["https:\/\/reciclateydisfrutaconduciendo.com\/terminos-y-condiciones-de-uso\/"]}]},{"@type":"ImageObject","inLanguage":"en-GB","@id":"https:\/\/reciclateydisfrutaconduciendo.com\/terminos-y-condiciones-de-uso\/#primaryimage","url":"https:\/\/reciclateydisfrutaconduciendo.com\/wp-content\/uploads\/2024\/01\/logoempresa-2.gif","contentUrl":"https:\/\/reciclateydisfrutaconduciendo.com\/wp-content\/uploads\/2024\/01\/logoempresa-2.gif","width":439,"height":439,"caption":"Rec\u00edclate y disfruta conducuciendo-Rec\u00edclate y Disfruta Conduciendo-Rec\u00edclate y disfruta conducuciendo"},{"@type":"BreadcrumbList","@id":"https:\/\/reciclateydisfrutaconduciendo.com\/terminos-y-condiciones-de-uso\/#breadcrumb","itemListElement":[{"@type":"ListItem","position":1,"name":"Home","item":"https:\/\/reciclateydisfrutaconduciendo.com\/"},{"@type":"ListItem","position":2,"name":"T\u00e9rminos y Condiciones de Uso"}]},{"@type":"WebSite","@id":"https:\/\/reciclateydisfrutaconduciendo.com\/#website","url":"https:\/\/reciclateydisfrutaconduciendo.com\/","name":"Rec\u00edclate y disfruta conduciendo","description":"Rec\u00edclate y disfruta conduciendo","publisher":{"@id":"https:\/\/reciclateydisfrutaconduciendo.com\/#organization"},"potentialAction":[{"@type":"SearchAction","target":{"@type":"EntryPoint","urlTemplate":"https:\/\/reciclateydisfrutaconduciendo.com\/?s={search_term_string}"},"query-input":"required name=search_term_string"}],"inLanguage":"en-GB"},{"@type":"Organization","@id":"https:\/\/reciclateydisfrutaconduciendo.com\/#organization","name":"Rec\u00edclate y disfruta conduciendo","url":"https:\/\/reciclateydisfrutaconduciendo.com\/","logo":{"@type":"ImageObject","inLanguage":"en-GB","@id":"https:\/\/reciclateydisfrutaconduciendo.com\/#\/schema\/logo\/image\/","url":"https:\/\/reciclateydisfrutaconduciendo.com\/wp-content\/uploads\/2024\/01\/logo-kike.gif","contentUrl":"https:\/\/reciclateydisfrutaconduciendo.com\/wp-content\/uploads\/2024\/01\/logo-kike.gif","width":474,"height":474,"caption":"Rec\u00edclate y disfruta conduciendo"},"image":{"@id":"https:\/\/reciclateydisfrutaconduciendo.com\/#\/schema\/logo\/image\/"}}]}},"_links":{"self":[{"href":"https:\/\/reciclateydisfrutaconduciendo.com\/en\/wp-json\/wp\/v2\/pages\/2783"}],"collection":[{"href":"https:\/\/reciclateydisfrutaconduciendo.com\/en\/wp-json\/wp\/v2\/pages"}],"about":[{"href":"https:\/\/reciclateydisfrutaconduciendo.com\/en\/wp-json\/wp\/v2\/types\/page"}],"author":[{"embeddable":true,"href":"https:\/\/reciclateydisfrutaconduciendo.com\/en\/wp-json\/wp\/v2\/users\/1"}],"replies":[{"embeddable":true,"href":"https:\/\/reciclateydisfrutaconduciendo.com\/en\/wp-json\/wp\/v2\/comments?post=2783"}],"version-history":[{"count":2,"href":"https:\/\/reciclateydisfrutaconduciendo.com\/en\/wp-json\/wp\/v2\/pages\/2783\/revisions"}],"predecessor-version":[{"id":3391,"href":"https:\/\/reciclateydisfrutaconduciendo.com\/en\/wp-json\/wp\/v2\/pages\/2783\/revisions\/3391"}],"wp:featuredmedia":[{"embeddable":true,"href":"https:\/\/reciclateydisfrutaconduciendo.com\/en\/wp-json\/wp\/v2\/media\/2798"}],"wp:attachment":[{"href":"https:\/\/reciclateydisfrutaconduciendo.com\/en\/wp-json\/wp\/v2\/media?parent=2783"}],"curies":[{"name":"wp","href":"https:\/\/api.w.org\/{rel}","templated":true}]}}